{"id":1902,"date":"2023-04-30T21:36:43","date_gmt":"2023-04-30T21:36:43","guid":{"rendered":"https:\/\/acv-romania.ro\/?post_type=product&#038;p=1902"},"modified":"2023-10-03T18:11:26","modified_gmt":"2023-10-03T18:11:26","slug":"e-tech-p-259","status":"publish","type":"product","link":"https:\/\/acv-romania.ro\/en\/product\/e-tech-p-259\/","title":{"rendered":"E-Tech P 259"},"content":{"rendered":"<div data-elementor-type=\"wp-post\" data-elementor-id=\"1902\" class=\"elementor elementor-1902\">\n\t\t\t\t\t\t\t\t\t<section class=\"elementor-section elementor-top-section elementor-element elementor-element-cefaf0e elementor-section-boxed elementor-section-height-default elementor-section-height-default\" data-id=\"cefaf0e\" data-element_type=\"section\">\n\t\t\t\t\t\t<div class=\"elementor-container elementor-column-gap-default\">\n\t\t\t\t\t<div class=\"elementor-column elementor-col-100 elementor-top-column elementor-element elementor-element-15794c6\" data-id=\"15794c6\" data-element_type=\"column\">\n\t\t\t<div class=\"elementor-widget-wrap elementor-element-populated\">\n\t\t\t\t\t\t\t\t<div class=\"elementor-element elementor-element-fa53f9e elementor-tabs-view-horizontal elementor-widget elementor-widget-tabs\" data-id=\"fa53f9e\" data-element_type=\"widget\" data-widget_type=\"tabs.default\">\n\t\t\t\t<div class=\"elementor-widget-container\">\n\t\t\t<style>\/*! elementor - v3.12.1 - 02-04-2023 *\/\n.elementor-widget-tabs.elementor-tabs-view-vertical .elementor-tabs-wrapper{width:25%;flex-shrink:0}.elementor-widget-tabs.elementor-tabs-view-vertical .elementor-tab-desktop-title.elementor-active{border-right-style:none}.elementor-widget-tabs.elementor-tabs-view-vertical .elementor-tab-desktop-title.elementor-active:after,.elementor-widget-tabs.elementor-tabs-view-vertical .elementor-tab-desktop-title.elementor-active:before{height:999em;width:0;right:0;border-right-style:solid}.elementor-widget-tabs.elementor-tabs-view-vertical .elementor-tab-desktop-title.elementor-active:before{top:0;transform:translateY(-100%)}.elementor-widget-tabs.elementor-tabs-view-vertical .elementor-tab-desktop-title.elementor-active:after{top:100%}.elementor-widget-tabs.elementor-tabs-view-horizontal .elementor-tab-desktop-title{display:table-cell}.elementor-widget-tabs.elementor-tabs-view-horizontal .elementor-tab-desktop-title.elementor-active{border-bottom-style:none}.elementor-widget-tabs.elementor-tabs-view-horizontal .elementor-tab-desktop-title.elementor-active:after,.elementor-widget-tabs.elementor-tabs-view-horizontal .elementor-tab-desktop-title.elementor-active:before{bottom:0;height:0;width:999em;border-bottom-style:solid}.elementor-widget-tabs.elementor-tabs-view-horizontal .elementor-tab-desktop-title.elementor-active:before{right:100%}.elementor-widget-tabs.elementor-tabs-view-horizontal .elementor-tab-desktop-title.elementor-active:after{left:100%}.elementor-widget-tabs .elementor-tab-content,.elementor-widget-tabs .elementor-tab-title,.elementor-widget-tabs .elementor-tab-title:after,.elementor-widget-tabs .elementor-tab-title:before,.elementor-widget-tabs .elementor-tabs-content-wrapper{border:1px #d5d8dc}.elementor-widget-tabs .elementor-tabs{text-align:left}.elementor-widget-tabs .elementor-tabs-wrapper{overflow:hidden}.elementor-widget-tabs .elementor-tab-title{cursor:pointer;outline:var(--focus-outline,none)}.elementor-widget-tabs .elementor-tab-desktop-title{position:relative;padding:20px 25px;font-weight:700;line-height:1;border:solid transparent}.elementor-widget-tabs .elementor-tab-desktop-title.elementor-active{border-color:#d5d8dc}.elementor-widget-tabs .elementor-tab-desktop-title.elementor-active:after,.elementor-widget-tabs .elementor-tab-desktop-title.elementor-active:before{display:block;content:\"\";position:absolute}.elementor-widget-tabs .elementor-tab-desktop-title:focus-visible{border:1px solid #000}.elementor-widget-tabs .elementor-tab-mobile-title{padding:10px;cursor:pointer}.elementor-widget-tabs .elementor-tab-content{padding:20px;display:none}@media (max-width:767px){.elementor-tabs .elementor-tab-content,.elementor-tabs .elementor-tab-title{border-style:solid solid none}.elementor-tabs .elementor-tabs-wrapper{display:none}.elementor-tabs .elementor-tabs-content-wrapper{border-bottom-style:solid}.elementor-tabs .elementor-tab-content{padding:10px}}@media (min-width:768px){.elementor-widget-tabs.elementor-tabs-view-vertical .elementor-tabs{display:flex}.elementor-widget-tabs.elementor-tabs-view-vertical .elementor-tabs-wrapper{flex-direction:column}.elementor-widget-tabs.elementor-tabs-view-vertical .elementor-tabs-content-wrapper{flex-grow:1;border-style:solid solid solid none}.elementor-widget-tabs.elementor-tabs-view-horizontal .elementor-tab-content{border-style:none solid solid}.elementor-widget-tabs.elementor-tabs-alignment-center .elementor-tabs-wrapper,.elementor-widget-tabs.elementor-tabs-alignment-end .elementor-tabs-wrapper,.elementor-widget-tabs.elementor-tabs-alignment-stretch .elementor-tabs-wrapper{display:flex}.elementor-widget-tabs.elementor-tabs-alignment-center .elementor-tabs-wrapper{justify-content:center}.elementor-widget-tabs.elementor-tabs-alignment-end .elementor-tabs-wrapper{justify-content:flex-end}.elementor-widget-tabs.elementor-tabs-alignment-stretch.elementor-tabs-view-horizontal .elementor-tab-title{width:100%}.elementor-widget-tabs.elementor-tabs-alignment-stretch.elementor-tabs-view-vertical .elementor-tab-title{height:100%}.elementor-tabs .elementor-tab-mobile-title{display:none}}<\/style>\t\t<div class=\"elementor-tabs\">\n\t\t\t<div class=\"elementor-tabs-wrapper\" role=\"tablist\" >\n\t\t\t\t\t\t\t\t\t<div id=\"elementor-tab-title-2621\" class=\"elementor-tab-title elementor-tab-desktop-title\" aria-selected=\"true\" data-tab=\"1\" role=\"tab\" tabindex=\"0\" aria-controls=\"elementor-tab-content-2621\" aria-expanded=\"false\">Descriere<\/div>\n\t\t\t\t\t\t\t\t\t<div id=\"elementor-tab-title-2622\" class=\"elementor-tab-title elementor-tab-desktop-title\" aria-selected=\"false\" data-tab=\"2\" role=\"tab\" tabindex=\"-1\" aria-controls=\"elementor-tab-content-2622\" aria-expanded=\"false\">Caracteristici Tehnice<\/div>\n\t\t\t\t\t\t\t\t\t<div id=\"elementor-tab-title-2623\" class=\"elementor-tab-title elementor-tab-desktop-title\" aria-selected=\"false\" data-tab=\"3\" role=\"tab\" tabindex=\"-1\" aria-controls=\"elementor-tab-content-2623\" aria-expanded=\"false\">Informatii Tehnice<\/div>\n\t\t\t\t\t\t\t\t\t<div id=\"elementor-tab-title-2624\" class=\"elementor-tab-title elementor-tab-desktop-title\" aria-selected=\"false\" data-tab=\"4\" role=\"tab\" tabindex=\"-1\" aria-controls=\"elementor-tab-content-2624\" aria-expanded=\"false\">Dimensiuni<\/div>\n\t\t\t\t\t\t\t\t\t<div id=\"elementor-tab-title-2625\" class=\"elementor-tab-title elementor-tab-desktop-title\" aria-selected=\"false\" data-tab=\"5\" role=\"tab\" tabindex=\"-1\" aria-controls=\"elementor-tab-content-2625\" aria-expanded=\"false\">Documentatie<\/div>\n\t\t\t\t\t\t\t<\/div>\n\t\t\t<div class=\"elementor-tabs-content-wrapper\" role=\"tablist\" aria-orientation=\"vertical\">\n\t\t\t\t\t\t\t\t\t<div class=\"elementor-tab-title elementor-tab-mobile-title\" aria-selected=\"true\" data-tab=\"1\" role=\"tab\" tabindex=\"0\" aria-controls=\"elementor-tab-content-2621\" aria-expanded=\"false\">Descriere<\/div>\n\t\t\t\t\t<div id=\"elementor-tab-content-2621\" class=\"elementor-tab-content elementor-clearfix\" data-tab=\"1\" role=\"tabpanel\" aria-labelledby=\"elementor-tab-title-2621\" tabindex=\"0\" hidden=\"false\"><ul><li>Prioritate integrat\u0103 pentru ap\u0103 cald\u0103 de consum<\/li><li>Disponibil \u00een 5 modele<\/li><li>Gata de utilizare.<\/li><li>Patru trepte de putere &#8211; controlate de un temporizator de \u00eent\u00e2rziere a etapelor<\/li><li>Poate fi u\u0219or devalorizat pentru a oferi o putere mai mic\u0103, dac\u0103 este necesar<\/li><li>Circuite de alimentare \u0219i control complet cablate<\/li><li>Carcas\u0103 emailat\u0103 pentru sob\u0103<\/li><li>Panoul de control include termostate, termometru, indicatoare \u0219i \u00eentrerup\u0103tor de pornire\/oprire<\/li><li>Necesit\u0103 foarte pu\u021bin\u0103 \u00eentre\u021binere<\/li><li>\u00cenc\u0103lzitor din o\u021bel STW 22 grosime.<\/li><li>Elemente de \u00eenc\u0103lzire din o\u021bel inoxidabil scufundate \u00een corpul de \u00eenc\u0103lzire Incoloy 800 la partea din fa\u021b\u0103 a cazanului .<\/li><li>Circuit de alimentare 400 V trifazat f\u0103r\u0103 neutru.<\/li><li>Circuit de control 230 V monofazat.<\/li><li>Circuit de control protejat de un \u00eentrerup\u0103tor intern resetat 3 amperi.<\/li><li>Fiecare contactor care alimenteaz\u0103 dou\u0103 seturi de rezisten\u021be 3 x 2,4 kW ( 14,4 kW \u00een total) este protejat de un \u00eentrerup\u0103tor termomagnetic.<\/li><\/ul><\/div>\n\t\t\t\t\t\t\t\t\t<div class=\"elementor-tab-title elementor-tab-mobile-title\" aria-selected=\"false\" data-tab=\"2\" role=\"tab\" tabindex=\"-1\" aria-controls=\"elementor-tab-content-2622\" aria-expanded=\"false\">Caracteristici Tehnice<\/div>\n\t\t\t\t\t<div id=\"elementor-tab-content-2622\" class=\"elementor-tab-content elementor-clearfix\" data-tab=\"2\" role=\"tabpanel\" aria-labelledby=\"elementor-tab-title-2622\" tabindex=\"0\" hidden=\"hidden\"><table style=\"width: 100%;\"><tbody><tr><td><ol><li style=\"text-align: left;\">Panoul de control.<\/li><li style=\"text-align: left;\">Elemente de \u00eenc\u0103lzire.<\/li><li style=\"text-align: left;\">Contactor \u0219i relee de siguran\u021b\u0103.<\/li><li style=\"text-align: left;\">Controler op\u021bional.<\/li><li style=\"text-align: left;\">Circuit de control.<\/li><li style=\"text-align: left;\">Siguran\u021be principale \u0219i conexiuni de alimentare.<\/li><li style=\"text-align: left;\">Termostat de control.<\/li><li style=\"text-align: left;\">\u00centrerup\u0103tor ON\/OFF.<\/li><li style=\"text-align: left;\">\u00centrerup\u0103tor var\u0103\/iarn\u0103.<\/li><li style=\"text-align: left;\">Termostat de limit\u0103 \u00eenalt\u0103 cu resetare manual\u0103.<\/li><li style=\"text-align: left;\">Lumin\u0103 de avertizare a supra\u00eenc\u0103lzirii.<\/li><li style=\"text-align: left;\">Lumin\u0103 de avertizare a presiunii minime a apei.<\/li><li style=\"text-align: left;\">Manometru combinat de temperatur\u0103 \u0219i presiune.<\/li><li style=\"text-align: left;\">Indicatori de nivel de putere.<\/li><li style=\"text-align: left;\">Controler intern op\u021bional.<\/li><\/ol><\/td><td><img loading=\"lazy\" decoding=\"async\" class=\"alignnone size-medium wp-image-1871\" src=\"https:\/\/acv-romania.ro\/wp-content\/uploads\/2023\/04\/e-tech-p-57-169x300.png\" alt=\"e tech p 57\" width=\"169\" height=\"300\" srcset=\"https:\/\/acv-romania.ro\/wp-content\/uploads\/2023\/04\/e-tech-p-57-169x300.png 169w, https:\/\/acv-romania.ro\/wp-content\/uploads\/2023\/04\/e-tech-p-57-577x1024.png 577w, https:\/\/acv-romania.ro\/wp-content\/uploads\/2023\/04\/e-tech-p-57-82x146.png 82w, https:\/\/acv-romania.ro\/wp-content\/uploads\/2023\/04\/e-tech-p-57-28x50.png 28w, https:\/\/acv-romania.ro\/wp-content\/uploads\/2023\/04\/e-tech-p-57-42x75.png 42w, https:\/\/acv-romania.ro\/wp-content\/uploads\/2023\/04\/e-tech-p-57.png 704w\" sizes=\"auto, (max-width: 169px) 100vw, 169px\" \/><\/td><\/tr><\/tbody><\/table><\/div>\n\t\t\t\t\t\t\t\t\t<div class=\"elementor-tab-title elementor-tab-mobile-title\" aria-selected=\"false\" data-tab=\"3\" role=\"tab\" tabindex=\"-1\" aria-controls=\"elementor-tab-content-2623\" aria-expanded=\"false\">Informatii Tehnice<\/div>\n\t\t\t\t\t<div id=\"elementor-tab-content-2623\" class=\"elementor-tab-content elementor-clearfix\" data-tab=\"3\" role=\"tabpanel\" aria-labelledby=\"elementor-tab-title-2623\" tabindex=\"0\" hidden=\"hidden\"><table class=\"spec-table\"><tbody><tr class=\"property-name\"><th class=\"property-name\" colspan=\"2\"><h4 class=\"display-4 darkness py1\">Caracteristici constructive<\/h4><\/th><td colspan=\"2\">\u00a0<\/td><\/tr><tr class=\"hide-phone\"><th class=\"spec-name\">\u00a0<\/th><th class=\"spec-unit fixed-width\">\u00a0<\/th><td class=\"spec-value current-product\">E-Tech P 201<\/td><td class=\"spec-value\">E-Tech P 259<\/td><\/tr><tr><th class=\"spec-name\">Capacitate (total\u0103<\/th><th class=\"spec-unit hide-phone\">L<\/th><td class=\"spec-value current-product\">102<\/td><td class=\"spec-value hide-phone\">102<\/td><\/tr><tr><th class=\"spec-name\">Temperatura maxim\u0103 de func\u021bionare<\/th><th class=\"spec-unit hide-phone\">\u00b0C<\/th><td class=\"spec-value current-product\">90<\/td><td class=\"spec-value hide-phone\">90<\/td><\/tr><tr><th class=\"spec-name\">Presiunea maxim\u0103 de serviciu \u00eenc\u0103lzire (primar\u0103)<\/th><th class=\"spec-unit hide-phone\">bar<\/th><td class=\"spec-value current-product\">4<\/td><td class=\"spec-value hide-phone\">4<\/td><\/tr><tr><th class=\"spec-name\">Racord &#8211; \u00eenc\u0103lzire<\/th><th class=\"spec-unit hide-phone\">\u00d8&#8221;<\/th><td class=\"spec-value current-product\">DN100<\/td><td class=\"spec-value hide-phone\">DN100<\/td><\/tr><tr><th class=\"spec-name\">Greutate (gol)<\/th><th class=\"spec-unit hide-phone\">kg<\/th><td class=\"spec-value current-product\">187<\/td><td class=\"spec-value hide-phone\">200<\/td><\/tr><tr class=\"property-name\"><th class=\"property-name\" colspan=\"2\"><h4 class=\"display-4 darkness py1\">Caracteristici de \u00eenc\u0103lzire<\/h4><\/th><td colspan=\"2\">\u00a0<\/td><\/tr><tr class=\"hide-phone\"><th class=\"spec-name\">\u00a0<\/th><th class=\"spec-unit fixed-width\">\u00a0<\/th><td class=\"spec-value current-product\">E-Tech P 201<\/td><td class=\"spec-value\">E-Tech P 259<\/td><\/tr><tr><th class=\"spec-name\">Putere electric\u0103<\/th><th class=\"spec-unit hide-phone\">kW<\/th><td class=\"spec-value current-product\">50,4 \/ 201,6<\/td><td class=\"spec-value hide-phone\">64,8 \/ 259,2<\/td><\/tr><tr><th class=\"spec-name\">Rezisten\u021b\u0103 electric\u0103<\/th><th class=\"spec-unit hide-phone\">kW<\/th><td class=\"spec-value current-product\">(4&#215;3) x 2,4<\/td><td class=\"spec-value hide-phone\">(4&#215;3) x 2,4<\/td><\/tr><tr><th class=\"spec-name\">Putere de ie\u0219ire maxim\u0103<\/th><th class=\"spec-unit hide-phone\">kW<\/th><td class=\"spec-value current-product\">201,6<\/td><td class=\"spec-value hide-phone\">259,2<\/td><\/tr><tr><th class=\"spec-name\">Putere de ie\u0219ire min (80\/60\u00b0C)<\/th><th class=\"spec-unit hide-phone\">kW<\/th><td class=\"spec-value current-product\">50,4<\/td><td class=\"spec-value hide-phone\">64,8<\/td><\/tr><tr class=\"property-name\"><th class=\"property-name\" colspan=\"2\"><h4 class=\"display-4 darkness py1\">Caracteristici Electrice<\/h4><\/th><td colspan=\"2\">\u00a0<\/td><\/tr><tr class=\"hide-phone\"><th class=\"spec-name\">\u00a0<\/th><th class=\"spec-unit fixed-width\">\u00a0<\/th><td class=\"spec-value current-product\">E-Tech P 201<\/td><td class=\"spec-value\">E-Tech P 259<\/td><\/tr><tr><th class=\"spec-name\">Num\u0103r de elemente de \u00eenc\u0103lzire<\/th><th class=\"spec-unit hide-phone\">\u00a0<\/th><td class=\"spec-value current-product\">7<\/td><td class=\"spec-value hide-phone\">9<\/td><\/tr><tr><th class=\"spec-name\">Tensiune<\/th><th class=\"spec-unit hide-phone\">V<\/th><td class=\"spec-value current-product\">3&#215;400<\/td><td class=\"spec-value hide-phone\">3&#215;400<\/td><\/tr><tr><th class=\"spec-name\">Frecven\u021b\u0103<\/th><th class=\"spec-unit hide-phone\">Hz<\/th><td class=\"spec-value current-product\">50\/60<\/td><td class=\"spec-value hide-phone\">50\/60<\/td><\/tr><tr class=\"property-name\"><th class=\"property-name\" colspan=\"2\"><h4 class=\"display-4 darkness py1\">C\u00e2mpuri de design ecologic<\/h4><\/th><td colspan=\"2\">\u00a0<\/td><\/tr><tr class=\"hide-phone\"><th class=\"spec-name\">\u00a0<\/th><th class=\"spec-unit fixed-width\">\u00a0<\/th><td class=\"spec-value current-product\">E-Tech P 201<\/td><td class=\"spec-value\">E-Tech P 259<\/td><\/tr><tr><th class=\"spec-name\">Eficien\u021ba sezonier\u0103 de \u00eenc\u0103lzire a spa\u021biului<\/th><th class=\"spec-unit hide-phone\">%<\/th><td class=\"spec-value current-product\">37<\/td><td class=\"spec-value hide-phone\">37<\/td><\/tr><tr><th class=\"spec-name\">Eficien\u021ba energetic\u0103 pentru \u00eenc\u0103lzirea apei [hwh] (UE 814\/2013 art. 2 (15), anexa IV-3)<\/th><th class=\"spec-unit hide-phone\">%<\/th><td class=\"spec-value current-product\">N\/A<\/td><td class=\"spec-value hide-phone\">N\/A<\/td><\/tr><tr><th class=\"spec-name\">Nivelul de putere acustic\u0103 \u00een interior LWA<\/th><th class=\"spec-unit hide-phone\">dB<\/th><td class=\"spec-value current-product\">15<\/td><td class=\"spec-value hide-phone\">15<\/td><\/tr><\/tbody><\/table><\/div>\n\t\t\t\t\t\t\t\t\t<div class=\"elementor-tab-title elementor-tab-mobile-title\" aria-selected=\"false\" data-tab=\"4\" role=\"tab\" tabindex=\"-1\" aria-controls=\"elementor-tab-content-2624\" aria-expanded=\"false\">Dimensiuni<\/div>\n\t\t\t\t\t<div id=\"elementor-tab-content-2624\" class=\"elementor-tab-content elementor-clearfix\" data-tab=\"4\" role=\"tabpanel\" aria-labelledby=\"elementor-tab-title-2624\" tabindex=\"0\" hidden=\"hidden\"><p><img loading=\"lazy\" decoding=\"async\" class=\"alignnone wp-image-1898 size-large\" src=\"https:\/\/acv-romania.ro\/wp-content\/uploads\/2023\/04\/22-1024x596.png\" alt=\"22\" width=\"1024\" height=\"596\" srcset=\"https:\/\/acv-romania.ro\/wp-content\/uploads\/2023\/04\/22-1024x596.png 1024w, https:\/\/acv-romania.ro\/wp-content\/uploads\/2023\/04\/22-800x466.png 800w, https:\/\/acv-romania.ro\/wp-content\/uploads\/2023\/04\/22-300x175.png 300w, https:\/\/acv-romania.ro\/wp-content\/uploads\/2023\/04\/22-768x447.png 768w, https:\/\/acv-romania.ro\/wp-content\/uploads\/2023\/04\/22-1536x894.png 1536w, https:\/\/acv-romania.ro\/wp-content\/uploads\/2023\/04\/22-2048x1192.png 2048w, https:\/\/acv-romania.ro\/wp-content\/uploads\/2023\/04\/22-251x146.png 251w, https:\/\/acv-romania.ro\/wp-content\/uploads\/2023\/04\/22-50x29.png 50w, https:\/\/acv-romania.ro\/wp-content\/uploads\/2023\/04\/22-129x75.png 129w\" sizes=\"auto, (max-width: 1024px) 100vw, 1024px\" \/><\/p><\/div>\n\t\t\t\t\t\t\t\t\t<div class=\"elementor-tab-title elementor-tab-mobile-title\" aria-selected=\"false\" data-tab=\"5\" role=\"tab\" tabindex=\"-1\" aria-controls=\"elementor-tab-content-2625\" aria-expanded=\"false\">Documentatie<\/div>\n\t\t\t\t\t<div id=\"elementor-tab-content-2625\" class=\"elementor-tab-content elementor-clearfix\" data-tab=\"5\" role=\"tabpanel\" aria-labelledby=\"elementor-tab-title-2625\" tabindex=\"0\" hidden=\"hidden\"><\/div>\n\t\t\t\t\t\t\t<\/div>\n\t\t<\/div>\n\t\t\t\t<\/div>\n\t\t\t\t<\/div>\n\t\t\t\t\t<\/div>\n\t\t<\/div>\n\t\t\t\t\t\t\t<\/div>\n\t\t<\/section>\n\t\t\t\t\t\t\t<\/div>","protected":false},"excerpt":{"rendered":"<ul>\n<li>Cetrala electrica, trifazat de mare putere, pe podea. Utiliza\u021bi ca surs\u0103 primar\u0103 de c\u0103ldur\u0103 sau ca rezerv\u0103 de urgen\u021b\u0103, E-Tech P 259<\/li>\n<li>cod 00624501<\/li>\n<\/ul>\n<p><img loading=\"lazy\" decoding=\"async\" class=\"alignnone wp-image-1883 size-full\" src=\"https:\/\/acv-romania.ro\/wp-content\/uploads\/2023\/04\/p-115.png\" alt=\"p 115\" width=\"255\" height=\"78\" srcset=\"https:\/\/acv-romania.ro\/wp-content\/uploads\/2023\/04\/p-115.png 255w, https:\/\/acv-romania.ro\/wp-content\/uploads\/2023\/04\/p-115-50x15.png 50w, https:\/\/acv-romania.ro\/wp-content\/uploads\/2023\/04\/p-115-150x46.png 150w\" sizes=\"auto, (max-width: 255px) 100vw, 255px\" \/><\/p>\n<p>&nbsp;<\/p>","protected":false},"featured_media":1903,"comment_status":"open","ping_status":"closed","template":"","meta":[],"product_cat":[129,131],"product_tag":[],"class_list":["post-1902","product","type-product","status-publish","has-post-thumbnail","hentry","product_cat-centrale-electrice","product_cat-e-tech-p"],"yoast_head":"<!-- This site is optimized with the Yoast SEO plugin v20.7 - https:\/\/yoast.com\/wordpress\/plugins\/seo\/ -->\n<title>E-Tech P 259 - ACV Romania<\/title>\n<meta name=\"robots\" content=\"index, follow, max-snippet:-1, max-image-preview:large, max-video-preview:-1\" \/>\n<link rel=\"canonical\" href=\"https:\/\/acv-romania.ro\/en\/product\/e-tech-p-259\/\" \/>\n<meta property=\"og:locale\" content=\"en_US\" \/>\n<meta property=\"og:type\" content=\"article\" \/>\n<meta property=\"og:title\" content=\"E-Tech P 259 - ACV Romania\" \/>\n<meta property=\"og:description\" content=\"Cetrala electrica, trifazat de mare putere, pe podea. Utiliza\u021bi ca surs\u0103 primar\u0103 de c\u0103ldur\u0103 sau ca rezerv\u0103 de urgen\u021b\u0103, E-Tech P 259  cod 00624501    &nbsp;\" \/>\n<meta property=\"og:url\" content=\"https:\/\/acv-romania.ro\/en\/product\/e-tech-p-259\/\" \/>\n<meta property=\"og:site_name\" content=\"ACV Romania\" \/>\n<meta property=\"article:modified_time\" content=\"2023-10-03T18:11:26+00:00\" \/>\n<meta property=\"og:image\" content=\"https:\/\/acv-romania.ro\/wp-content\/uploads\/2023\/04\/e-tech-p-11.png\" \/>\n\t<meta property=\"og:image:width\" content=\"506\" \/>\n\t<meta property=\"og:image:height\" content=\"712\" \/>\n\t<meta property=\"og:image:type\" content=\"image\/png\" \/>\n<meta name=\"twitter:card\" content=\"summary_large_image\" \/>\n<meta name=\"twitter:label1\" content=\"Est. reading time\" \/>\n\t<meta name=\"twitter:data1\" content=\"3 minutes\" \/>\n<script type=\"application\/ld+json\" class=\"yoast-schema-graph\">{\"@context\":\"https:\/\/schema.org\",\"@graph\":[{\"@type\":\"WebPage\",\"@id\":\"https:\/\/acv-romania.ro\/product\/e-tech-p-259\/\",\"url\":\"https:\/\/acv-romania.ro\/product\/e-tech-p-259\/\",\"name\":\"E-Tech P 259 - ACV Romania\",\"isPartOf\":{\"@id\":\"https:\/\/acv-romania.ro\/#website\"},\"datePublished\":\"2023-04-30T21:36:43+00:00\",\"dateModified\":\"2023-10-03T18:11:26+00:00\",\"breadcrumb\":{\"@id\":\"https:\/\/acv-romania.ro\/product\/e-tech-p-259\/#breadcrumb\"},\"inLanguage\":\"en-US\",\"potentialAction\":[{\"@type\":\"ReadAction\",\"target\":[\"https:\/\/acv-romania.ro\/product\/e-tech-p-259\/\"]}]},{\"@type\":\"BreadcrumbList\",\"@id\":\"https:\/\/acv-romania.ro\/product\/e-tech-p-259\/#breadcrumb\",\"itemListElement\":[{\"@type\":\"ListItem\",\"position\":1,\"name\":\"Home\",\"item\":\"https:\/\/acv-romania.ro\/\"},{\"@type\":\"ListItem\",\"position\":2,\"name\":\"Shop\",\"item\":\"https:\/\/acv-romania.ro\/shop\/\"},{\"@type\":\"ListItem\",\"position\":3,\"name\":\"E-Tech P 259\"}]},{\"@type\":\"WebSite\",\"@id\":\"https:\/\/acv-romania.ro\/#website\",\"url\":\"https:\/\/acv-romania.ro\/\",\"name\":\"ACV Romania\",\"description\":\"Solu\u021bii de inginerie pentru ap\u0103 cald\u0103\",\"potentialAction\":[{\"@type\":\"SearchAction\",\"target\":{\"@type\":\"EntryPoint\",\"urlTemplate\":\"https:\/\/acv-romania.ro\/?s={search_term_string}\"},\"query-input\":\"required name=search_term_string\"}],\"inLanguage\":\"en-US\"}]}<\/script>\n<!-- \/ Yoast SEO plugin. -->","yoast_head_json":{"title":"E-Tech P 259 - ACV Romania","robots":{"index":"index","follow":"follow","max-snippet":"max-snippet:-1","max-image-preview":"max-image-preview:large","max-video-preview":"max-video-preview:-1"},"canonical":"https:\/\/acv-romania.ro\/en\/product\/e-tech-p-259\/","og_locale":"en_US","og_type":"article","og_title":"E-Tech P 259 - ACV Romania","og_description":"Cetrala electrica, trifazat de mare putere, pe podea. Utiliza\u021bi ca surs\u0103 primar\u0103 de c\u0103ldur\u0103 sau ca rezerv\u0103 de urgen\u021b\u0103, E-Tech P 259  cod 00624501    &nbsp;","og_url":"https:\/\/acv-romania.ro\/en\/product\/e-tech-p-259\/","og_site_name":"ACV Romania","article_modified_time":"2023-10-03T18:11:26+00:00","og_image":[{"width":506,"height":712,"url":"https:\/\/acv-romania.ro\/wp-content\/uploads\/2023\/04\/e-tech-p-11.png","type":"image\/png"}],"twitter_card":"summary_large_image","twitter_misc":{"Est. reading time":"3 minutes"},"schema":{"@context":"https:\/\/schema.org","@graph":[{"@type":"WebPage","@id":"https:\/\/acv-romania.ro\/product\/e-tech-p-259\/","url":"https:\/\/acv-romania.ro\/product\/e-tech-p-259\/","name":"E-Tech P 259 - ACV Romania","isPartOf":{"@id":"https:\/\/acv-romania.ro\/#website"},"datePublished":"2023-04-30T21:36:43+00:00","dateModified":"2023-10-03T18:11:26+00:00","breadcrumb":{"@id":"https:\/\/acv-romania.ro\/product\/e-tech-p-259\/#breadcrumb"},"inLanguage":"en-US","potentialAction":[{"@type":"ReadAction","target":["https:\/\/acv-romania.ro\/product\/e-tech-p-259\/"]}]},{"@type":"BreadcrumbList","@id":"https:\/\/acv-romania.ro\/product\/e-tech-p-259\/#breadcrumb","itemListElement":[{"@type":"ListItem","position":1,"name":"Home","item":"https:\/\/acv-romania.ro\/"},{"@type":"ListItem","position":2,"name":"Shop","item":"https:\/\/acv-romania.ro\/shop\/"},{"@type":"ListItem","position":3,"name":"E-Tech P 259"}]},{"@type":"WebSite","@id":"https:\/\/acv-romania.ro\/#website","url":"https:\/\/acv-romania.ro\/","name":"ACV Romania","description":"Solu\u021bii de inginerie pentru ap\u0103 cald\u0103","potentialAction":[{"@type":"SearchAction","target":{"@type":"EntryPoint","urlTemplate":"https:\/\/acv-romania.ro\/?s={search_term_string}"},"query-input":"required name=search_term_string"}],"inLanguage":"en-US"}]}},"_links":{"self":[{"href":"https:\/\/acv-romania.ro\/en\/wp-json\/wp\/v2\/product\/1902","targetHints":{"allow":["GET"]}}],"collection":[{"href":"https:\/\/acv-romania.ro\/en\/wp-json\/wp\/v2\/product"}],"about":[{"href":"https:\/\/acv-romania.ro\/en\/wp-json\/wp\/v2\/types\/product"}],"replies":[{"embeddable":true,"href":"https:\/\/acv-romania.ro\/en\/wp-json\/wp\/v2\/comments?post=1902"}],"version-history":[{"count":2,"href":"https:\/\/acv-romania.ro\/en\/wp-json\/wp\/v2\/product\/1902\/revisions"}],"predecessor-version":[{"id":2367,"href":"https:\/\/acv-romania.ro\/en\/wp-json\/wp\/v2\/product\/1902\/revisions\/2367"}],"wp:featuredmedia":[{"embeddable":true,"href":"https:\/\/acv-romania.ro\/en\/wp-json\/wp\/v2\/media\/1903"}],"wp:attachment":[{"href":"https:\/\/acv-romania.ro\/en\/wp-json\/wp\/v2\/media?parent=1902"}],"wp:term":[{"taxonomy":"product_cat","embeddable":true,"href":"https:\/\/acv-romania.ro\/en\/wp-json\/wp\/v2\/product_cat?post=1902"},{"taxonomy":"product_tag","embeddable":true,"href":"https:\/\/acv-romania.ro\/en\/wp-json\/wp\/v2\/product_tag?post=1902"}],"curies":[{"name":"wp","href":"https:\/\/api.w.org\/{rel}","templated":true}]}}