{"id":1423,"date":"2023-04-27T19:14:40","date_gmt":"2023-04-27T19:14:40","guid":{"rendered":"https:\/\/acv-romania.ro\/?post_type=product&#038;p=1423"},"modified":"2025-04-12T09:13:27","modified_gmt":"2025-04-12T09:13:27","slug":"heatmaster-200-f","status":"publish","type":"product","link":"https:\/\/acv-romania.ro\/en\/product\/heatmaster-200-f\/","title":{"rendered":"HeatMaster 200 F"},"content":{"rendered":"<div data-elementor-type=\"wp-post\" data-elementor-id=\"1423\" class=\"elementor elementor-1423\">\n\t\t\t\t\t\t\t\t\t<section class=\"elementor-section elementor-top-section elementor-element elementor-element-1d51057 elementor-section-boxed elementor-section-height-default elementor-section-height-default\" data-id=\"1d51057\" data-element_type=\"section\">\n\t\t\t\t\t\t<div class=\"elementor-container elementor-column-gap-default\">\n\t\t\t\t\t<div class=\"elementor-column elementor-col-100 elementor-top-column elementor-element elementor-element-d0e2e8d\" data-id=\"d0e2e8d\" data-element_type=\"column\">\n\t\t\t<div class=\"elementor-widget-wrap elementor-element-populated\">\n\t\t\t\t\t\t\t\t<section class=\"elementor-section elementor-inner-section elementor-element elementor-element-5114f80 elementor-section-boxed elementor-section-height-default elementor-section-height-default\" data-id=\"5114f80\" data-element_type=\"section\">\n\t\t\t\t\t\t<div class=\"elementor-container elementor-column-gap-default\">\n\t\t\t\t\t<div class=\"elementor-column elementor-col-100 elementor-inner-column elementor-element elementor-element-eb702f6\" data-id=\"eb702f6\" data-element_type=\"column\">\n\t\t\t<div class=\"elementor-widget-wrap elementor-element-populated\">\n\t\t\t\t\t\t\t\t<div class=\"elementor-element elementor-element-9894c64 elementor-tabs-view-horizontal elementor-widget elementor-widget-tabs\" data-id=\"9894c64\" data-element_type=\"widget\" data-widget_type=\"tabs.default\">\n\t\t\t\t<div class=\"elementor-widget-container\">\n\t\t\t<style>\/*! elementor - v3.12.1 - 02-04-2023 *\/\n.elementor-widget-tabs.elementor-tabs-view-vertical .elementor-tabs-wrapper{width:25%;flex-shrink:0}.elementor-widget-tabs.elementor-tabs-view-vertical .elementor-tab-desktop-title.elementor-active{border-right-style:none}.elementor-widget-tabs.elementor-tabs-view-vertical .elementor-tab-desktop-title.elementor-active:after,.elementor-widget-tabs.elementor-tabs-view-vertical .elementor-tab-desktop-title.elementor-active:before{height:999em;width:0;right:0;border-right-style:solid}.elementor-widget-tabs.elementor-tabs-view-vertical .elementor-tab-desktop-title.elementor-active:before{top:0;transform:translateY(-100%)}.elementor-widget-tabs.elementor-tabs-view-vertical .elementor-tab-desktop-title.elementor-active:after{top:100%}.elementor-widget-tabs.elementor-tabs-view-horizontal .elementor-tab-desktop-title{display:table-cell}.elementor-widget-tabs.elementor-tabs-view-horizontal .elementor-tab-desktop-title.elementor-active{border-bottom-style:none}.elementor-widget-tabs.elementor-tabs-view-horizontal .elementor-tab-desktop-title.elementor-active:after,.elementor-widget-tabs.elementor-tabs-view-horizontal .elementor-tab-desktop-title.elementor-active:before{bottom:0;height:0;width:999em;border-bottom-style:solid}.elementor-widget-tabs.elementor-tabs-view-horizontal .elementor-tab-desktop-title.elementor-active:before{right:100%}.elementor-widget-tabs.elementor-tabs-view-horizontal .elementor-tab-desktop-title.elementor-active:after{left:100%}.elementor-widget-tabs .elementor-tab-content,.elementor-widget-tabs .elementor-tab-title,.elementor-widget-tabs .elementor-tab-title:after,.elementor-widget-tabs .elementor-tab-title:before,.elementor-widget-tabs .elementor-tabs-content-wrapper{border:1px #d5d8dc}.elementor-widget-tabs .elementor-tabs{text-align:left}.elementor-widget-tabs .elementor-tabs-wrapper{overflow:hidden}.elementor-widget-tabs .elementor-tab-title{cursor:pointer;outline:var(--focus-outline,none)}.elementor-widget-tabs .elementor-tab-desktop-title{position:relative;padding:20px 25px;font-weight:700;line-height:1;border:solid transparent}.elementor-widget-tabs .elementor-tab-desktop-title.elementor-active{border-color:#d5d8dc}.elementor-widget-tabs .elementor-tab-desktop-title.elementor-active:after,.elementor-widget-tabs .elementor-tab-desktop-title.elementor-active:before{display:block;content:\"\";position:absolute}.elementor-widget-tabs .elementor-tab-desktop-title:focus-visible{border:1px solid #000}.elementor-widget-tabs .elementor-tab-mobile-title{padding:10px;cursor:pointer}.elementor-widget-tabs .elementor-tab-content{padding:20px;display:none}@media (max-width:767px){.elementor-tabs .elementor-tab-content,.elementor-tabs .elementor-tab-title{border-style:solid solid none}.elementor-tabs .elementor-tabs-wrapper{display:none}.elementor-tabs .elementor-tabs-content-wrapper{border-bottom-style:solid}.elementor-tabs .elementor-tab-content{padding:10px}}@media (min-width:768px){.elementor-widget-tabs.elementor-tabs-view-vertical .elementor-tabs{display:flex}.elementor-widget-tabs.elementor-tabs-view-vertical .elementor-tabs-wrapper{flex-direction:column}.elementor-widget-tabs.elementor-tabs-view-vertical .elementor-tabs-content-wrapper{flex-grow:1;border-style:solid solid solid none}.elementor-widget-tabs.elementor-tabs-view-horizontal .elementor-tab-content{border-style:none solid solid}.elementor-widget-tabs.elementor-tabs-alignment-center .elementor-tabs-wrapper,.elementor-widget-tabs.elementor-tabs-alignment-end .elementor-tabs-wrapper,.elementor-widget-tabs.elementor-tabs-alignment-stretch .elementor-tabs-wrapper{display:flex}.elementor-widget-tabs.elementor-tabs-alignment-center .elementor-tabs-wrapper{justify-content:center}.elementor-widget-tabs.elementor-tabs-alignment-end .elementor-tabs-wrapper{justify-content:flex-end}.elementor-widget-tabs.elementor-tabs-alignment-stretch.elementor-tabs-view-horizontal .elementor-tab-title{width:100%}.elementor-widget-tabs.elementor-tabs-alignment-stretch.elementor-tabs-view-vertical .elementor-tab-title{height:100%}.elementor-tabs .elementor-tab-mobile-title{display:none}}<\/style>\t\t<div class=\"elementor-tabs\">\n\t\t\t<div class=\"elementor-tabs-wrapper\" role=\"tablist\" >\n\t\t\t\t\t\t\t\t\t<div id=\"elementor-tab-title-1591\" class=\"elementor-tab-title elementor-tab-desktop-title\" aria-selected=\"true\" data-tab=\"1\" role=\"tab\" tabindex=\"0\" aria-controls=\"elementor-tab-content-1591\" aria-expanded=\"false\">Informa\u021bii<\/div>\n\t\t\t\t\t\t\t\t\t<div id=\"elementor-tab-title-1592\" class=\"elementor-tab-title elementor-tab-desktop-title\" aria-selected=\"false\" data-tab=\"2\" role=\"tab\" tabindex=\"-1\" aria-controls=\"elementor-tab-content-1592\" aria-expanded=\"false\">Scheme<\/div>\n\t\t\t\t\t\t\t\t\t<div id=\"elementor-tab-title-1593\" class=\"elementor-tab-title elementor-tab-desktop-title\" aria-selected=\"false\" data-tab=\"3\" role=\"tab\" tabindex=\"-1\" aria-controls=\"elementor-tab-content-1593\" aria-expanded=\"false\">Informatii Tehnice<\/div>\n\t\t\t\t\t\t\t\t\t<div id=\"elementor-tab-title-1594\" class=\"elementor-tab-title elementor-tab-desktop-title\" aria-selected=\"false\" data-tab=\"4\" role=\"tab\" tabindex=\"-1\" aria-controls=\"elementor-tab-content-1594\" aria-expanded=\"false\">Dimensiuni<\/div>\n\t\t\t\t\t\t\t\t\t<div id=\"elementor-tab-title-1595\" class=\"elementor-tab-title elementor-tab-desktop-title\" aria-selected=\"false\" data-tab=\"5\" role=\"tab\" tabindex=\"-1\" aria-controls=\"elementor-tab-content-1595\" aria-expanded=\"false\">Documentatie<\/div>\n\t\t\t\t\t\t\t\t\t<div id=\"elementor-tab-title-1596\" class=\"elementor-tab-title elementor-tab-desktop-title\" aria-selected=\"false\" data-tab=\"6\" role=\"tab\" tabindex=\"-1\" aria-controls=\"elementor-tab-content-1596\" aria-expanded=\"false\">Accesorii<\/div>\n\t\t\t\t\t\t\t<\/div>\n\t\t\t<div class=\"elementor-tabs-content-wrapper\" role=\"tablist\" aria-orientation=\"vertical\">\n\t\t\t\t\t\t\t\t\t<div class=\"elementor-tab-title elementor-tab-mobile-title\" aria-selected=\"true\" data-tab=\"1\" role=\"tab\" tabindex=\"0\" aria-controls=\"elementor-tab-content-1591\" aria-expanded=\"false\">Informa\u021bii<\/div>\n\t\t\t\t\t<div id=\"elementor-tab-content-1591\" class=\"elementor-tab-content elementor-clearfix\" data-tab=\"1\" role=\"tabpanel\" aria-labelledby=\"elementor-tab-title-1591\" tabindex=\"0\" hidden=\"false\"><ul><li>Rezervor din o\u021bel inoxidabil \u00een rezervor<\/li><li>Cuprinde un circuit primar care poate fi utilizat \u0219i pentru un circuit de \u00eenc\u0103lzire.<\/li><li>Corp complet izolat cu spum\u0103 poliuretanic\u0103 rigid\u0103 de 50 mm.<\/li><li>Diverse op\u021biuni de combustibil, HeatMaster \u00ae 200 N vine cu op\u021biuni de gaz, petrol, GPL sau propan.<\/li><li>HeatMaster \u00ae 200 F este echipat cu arz\u0103tor de ulei asortat adaptat la camera de ardere a cazanului.<\/li><li>Puterea arz\u0103torului la modelul HM200F este m\u0103rit\u0103 la 196 kilowa\u021bi de intrare.<\/li><li>Pompe HEP cu \u0219unt \u00een circuitul primar \u00eencorporate, vase de expansiune primar\u0103, supap\u0103 de siguran\u021b\u0103 \u0219i \u00eentrerup\u0103tor de siguran\u021b\u0103 pentru ap\u0103 sc\u0103zut\u0103.<\/li><li>Panou de control cu \u00eentrerup\u0103tor principal, \u00eentrerup\u0103tor var\u0103\/iarn\u0103, ceas, termostat de control \u0219i manometru combinat de temperatur\u0103 \u0219i presiune, indicator de presiune sc\u0103zut\u0103 a apei primare, indicator de blocare a arz\u0103torului, indicator de \u00eenchidere a limitei \u00eenalte \u0219i termostat de limit\u0103 \u00eenalt\u0103 cu resetare manual\u0103.<\/li><\/ul><\/div>\n\t\t\t\t\t\t\t\t\t<div class=\"elementor-tab-title elementor-tab-mobile-title\" aria-selected=\"false\" data-tab=\"2\" role=\"tab\" tabindex=\"-1\" aria-controls=\"elementor-tab-content-1592\" aria-expanded=\"false\">Scheme<\/div>\n\t\t\t\t\t<div id=\"elementor-tab-content-1592\" class=\"elementor-tab-content elementor-clearfix\" data-tab=\"2\" role=\"tabpanel\" aria-labelledby=\"elementor-tab-title-1592\" tabindex=\"0\" hidden=\"hidden\"><table style=\"width: 100%;\"><tbody><tr><th>\u00a0<\/th><\/tr><tr><td><ol><li>Reductor de fum (este disponibil\u0103 op\u021biunea de ie\u0219ire vertical\u0103).<\/li><li>Intrare ap\u0103 rece menajer\u0103.<\/li><li>Buzunar pentru termostat.<\/li><li>Racord pentru supapa T+P ( op\u021bional).<\/li><li>Ventilator automat de aer.<\/li><li>Izola\u021bie rigid\u0103 din spum\u0103 poliuretanic\u0103.<\/li><li>Rezervor intern din o\u021bel inoxidabil.<\/li><li>\u00centrerup\u0103tor de presiune sc\u0103zut\u0103 a apei.<\/li><li>Buzunar pentru termostat.<\/li><li>Buzunar pentru control stat.<\/li><li>HEP Pomp\u0103 de \u00eenc\u0103rcare a cazanului (X2).<\/li><li>Buzunar termostat pentru sonda ECS.<\/li><li>Flux de ap\u0103 cald\u0103.<\/li><li>Fluxul de \u00eenc\u0103lzire.<\/li><li>Vas de expansiune primar\u0103 (4x).<\/li><li>C\u0103i de fum \u0219i turbulatoare.<\/li><li>Returul de \u00eenc\u0103lzire.<\/li><li>Supap\u0103 de golire.<\/li><li>Supap\u0103 de siguran\u021b\u0103 primar\u0103.<\/li><li>Circuitul primar.<\/li><li>Camera de ardere.<\/li><\/ol><\/td><td><img loading=\"lazy\" decoding=\"async\" class=\"alignnone wp-image-1408 size-large\" src=\"https:\/\/acv-romania.ro\/wp-content\/uploads\/2023\/04\/200-1-697x1024.png\" alt=\"\" width=\"697\" height=\"1024\" srcset=\"https:\/\/acv-romania.ro\/wp-content\/uploads\/2023\/04\/200-1-697x1024.png 697w, https:\/\/acv-romania.ro\/wp-content\/uploads\/2023\/04\/200-1-800x1176.png 800w, https:\/\/acv-romania.ro\/wp-content\/uploads\/2023\/04\/200-1-204x300.png 204w, https:\/\/acv-romania.ro\/wp-content\/uploads\/2023\/04\/200-1-768x1129.png 768w, https:\/\/acv-romania.ro\/wp-content\/uploads\/2023\/04\/200-1-99x146.png 99w, https:\/\/acv-romania.ro\/wp-content\/uploads\/2023\/04\/200-1-34x50.png 34w, https:\/\/acv-romania.ro\/wp-content\/uploads\/2023\/04\/200-1-51x75.png 51w, https:\/\/acv-romania.ro\/wp-content\/uploads\/2023\/04\/200-1.png 911w\" sizes=\"auto, (max-width: 697px) 100vw, 697px\" \/><\/td><td>\u00a0<\/td><\/tr><\/tbody><\/table><\/div>\n\t\t\t\t\t\t\t\t\t<div class=\"elementor-tab-title elementor-tab-mobile-title\" aria-selected=\"false\" data-tab=\"3\" role=\"tab\" tabindex=\"-1\" aria-controls=\"elementor-tab-content-1593\" aria-expanded=\"false\">Informatii Tehnice<\/div>\n\t\t\t\t\t<div id=\"elementor-tab-content-1593\" class=\"elementor-tab-content elementor-clearfix\" data-tab=\"3\" role=\"tabpanel\" aria-labelledby=\"elementor-tab-title-1593\" tabindex=\"0\" hidden=\"hidden\"><p>Caracteristici constructive<\/p><p>Capacitate (total\u0103) &#8211; 641 L<\/p><p>Capacitate (primar\u0103) &#8211; 241 L<\/p><p>Capacitate (ap\u0103 cald\u0103 menajer\u0103) &#8211; 400 L<\/p><p>Capacitate rezervor(e) de expansiune &#8211; 4 x 8 L<\/p><p>Racord la co\u0219ul de fum 250 &#8211; \u00d8mm<\/p><p>Racord &#8211; \u00eenc\u0103lzire 2 F &#8211; \u00a0\u00d8&#8221;<\/p><p>Racord &#8211; ap\u0103 cald\u0103 menajer\u0103 2 M &#8211; \u00d8&#8221;<\/p><p>Racord &#8211; supap\u0103 de siguran\u021b\u0103 1 M &#8211; \u00d8&#8221;<\/p><p>Temperatura maxim\u0103 de func\u021bionare\u00a0 &#8211; 90 \u00b0C<\/p><p>C\u0103derea de presiune a apei \u00een cazan la \u0394t = 20\u00b0C &#8211; 190 mbar<\/p><p>Presiunea maxim\u0103 de serviciu \u00eenc\u0103lzire (primar) &#8211; 3 bar<\/p><p>Presiunea maxim\u0103 de serviciu (ap\u0103 cald\u0103 menajer\u0103) &#8211; 8,6 bar<\/p><p>Greutate (gol) &#8211; 644 kg<\/p><p>Caracteristici de \u00eenc\u0103lzire<\/p><p>Timp de pre\u00eenc\u0103lzire de la 10 la 80\u00b0C (Sursa de c\u0103ldur\u0103: cazan) &#8211; 27 min.<\/p><p>Timp de \u00eenc\u0103lzire de la 10 la 90\u00b0C &#8211; 46 min<\/p><p>Combustie<\/p><p>Putere maxim\u0103 (\u00eenc\u0103lzire) &#8211; HCV 208,9 kW<\/p><p>Putere maxim\u0103 de intrare (\u00eenc\u0103lzire) &#8211; \u00a0LCV 196 kW<\/p><p>Randament de ardere &#8211; 93,1 %.<\/p><p>Eficien\u021b\u0103 la o sarcin\u0103 de 30 % (EN15502-1) &#8211; \u00a094,5 %.<\/p><p>Randament (putere maxim\u0103) 80\/60\u00b0C &#8211; 92 % 92 % (putere maxim\u0103)<\/p><p>Emisii de CO putere maxim\u0103 &#8211; 4 ppm<\/p><p>Rata de mas\u0103 a produselor de ardere (gaz) &#8211; 432 kg\/h<\/p><p>Clasa NOx (EN15502) &#8211; 5\u00a0\u00a0\u00a0\u00a0\u00a0\u00a0\u00a0\u00a0\u00a0\u00a0<\/p><p>Putere de ie\u0219ire maxim\u0103 (80\/60\u00b0C) &#8211; 180 kW<\/p><p>Performan\u021ba apei calde menajere<\/p><p>Debit maxim la 40\u00b0C &#8211; 1675 L\/10&#8242; 1675 L\/10&#8242;<\/p><p>Debitul maxim \u00een prima or\u0103 la 40\u00b0C &#8211; 5976 L\/60&#8242;<\/p><p>Debit continuu la 40\u00b0C &#8211; 5161 L\/h<\/p><p>Debit de v\u00e2rf la 45\u00b0C &#8211; 1444 L\/10&#8242;<\/p><p>Debitul de v\u00e2rf \u00een prima or\u0103 la 45\u00b0C &#8211; 5131 L\/60&#8242;<\/p><p>Debit continuu la 45\u00b0C &#8211; 4424 L\/h<\/p><p>Debitul maxim la 60\u00b0C &#8211; 961 L\/10&#8242;<\/p><p>Debitul de v\u00e2rf \u00een prima or\u0103 la 60\u00b0C &#8211; 3126 L\/60&#8242;<\/p><p>Debit continuu la 60\u00b0C &#8211; 2598 L\/h<\/p><p>Caracteristici electrice<\/p><p>Tensiune &#8211; 230 V<\/p><p>Frecven\u021b\u0103 &#8211; 50 Hz<\/p><p>Protec\u021bie &#8211; IP 30\u00a0\u00a0\u00a0\u00a0\u00a0\u00a0\u00a0\u00a0\u00a0\u00a0<\/p><p>Consum electric &#8211; 815 W<\/p><p>Cerin\u021be de putere electric\u0103 &#8211; 3,5 A<\/p><p>Domenii de proiectare ecologic\u0103<\/p><p>Eficien\u021ba sezonier\u0103 de \u00eenc\u0103lzire a spa\u021biului (35\u00b0C) &#8211; 81,8 %.<\/p><\/div>\n\t\t\t\t\t\t\t\t\t<div class=\"elementor-tab-title elementor-tab-mobile-title\" aria-selected=\"false\" data-tab=\"4\" role=\"tab\" tabindex=\"-1\" aria-controls=\"elementor-tab-content-1594\" aria-expanded=\"false\">Dimensiuni<\/div>\n\t\t\t\t\t<div id=\"elementor-tab-content-1594\" class=\"elementor-tab-content elementor-clearfix\" data-tab=\"4\" role=\"tabpanel\" aria-labelledby=\"elementor-tab-title-1594\" tabindex=\"0\" hidden=\"hidden\"><p><img loading=\"lazy\" decoding=\"async\" class=\"alignnone size-medium wp-image-1432\" src=\"https:\/\/acv-romania.ro\/wp-content\/uploads\/2023\/04\/200-f-33-173x300.png\" alt=\"\" width=\"173\" height=\"300\" srcset=\"https:\/\/acv-romania.ro\/wp-content\/uploads\/2023\/04\/200-f-33-173x300.png 173w, https:\/\/acv-romania.ro\/wp-content\/uploads\/2023\/04\/200-f-33-589x1024.png 589w, https:\/\/acv-romania.ro\/wp-content\/uploads\/2023\/04\/200-f-33-84x146.png 84w, https:\/\/acv-romania.ro\/wp-content\/uploads\/2023\/04\/200-f-33-29x50.png 29w, https:\/\/acv-romania.ro\/wp-content\/uploads\/2023\/04\/200-f-33-43x75.png 43w, https:\/\/acv-romania.ro\/wp-content\/uploads\/2023\/04\/200-f-33.png 669w\" sizes=\"auto, (max-width: 173px) 100vw, 173px\" \/> <img loading=\"lazy\" decoding=\"async\" class=\"alignnone size-medium wp-image-1433\" src=\"https:\/\/acv-romania.ro\/wp-content\/uploads\/2023\/04\/200-f-34-300x300.png\" alt=\"\" width=\"300\" height=\"300\" srcset=\"https:\/\/acv-romania.ro\/wp-content\/uploads\/2023\/04\/200-f-34-300x300.png 300w, https:\/\/acv-romania.ro\/wp-content\/uploads\/2023\/04\/200-f-34-150x150.png 150w, https:\/\/acv-romania.ro\/wp-content\/uploads\/2023\/04\/200-f-34-146x146.png 146w, https:\/\/acv-romania.ro\/wp-content\/uploads\/2023\/04\/200-f-34-50x50.png 50w, https:\/\/acv-romania.ro\/wp-content\/uploads\/2023\/04\/200-f-34-75x75.png 75w, https:\/\/acv-romania.ro\/wp-content\/uploads\/2023\/04\/200-f-34-85x85.png 85w, https:\/\/acv-romania.ro\/wp-content\/uploads\/2023\/04\/200-f-34-80x80.png 80w, https:\/\/acv-romania.ro\/wp-content\/uploads\/2023\/04\/200-f-34.png 444w\" sizes=\"auto, (max-width: 300px) 100vw, 300px\" \/><\/p><\/div>\n\t\t\t\t\t\t\t\t\t<div class=\"elementor-tab-title elementor-tab-mobile-title\" aria-selected=\"false\" data-tab=\"5\" role=\"tab\" tabindex=\"-1\" aria-controls=\"elementor-tab-content-1595\" aria-expanded=\"false\">Documentatie<\/div>\n\t\t\t\t\t<div id=\"elementor-tab-content-1595\" class=\"elementor-tab-content elementor-clearfix\" data-tab=\"5\" role=\"tabpanel\" aria-labelledby=\"elementor-tab-title-1595\" tabindex=\"0\" hidden=\"hidden\"><\/div>\n\t\t\t\t\t\t\t\t\t<div class=\"elementor-tab-title elementor-tab-mobile-title\" aria-selected=\"false\" data-tab=\"6\" role=\"tab\" tabindex=\"-1\" aria-controls=\"elementor-tab-content-1596\" aria-expanded=\"false\">Accesorii<\/div>\n\t\t\t\t\t<div id=\"elementor-tab-content-1596\" class=\"elementor-tab-content elementor-clearfix\" data-tab=\"6\" role=\"tabpanel\" aria-labelledby=\"elementor-tab-title-1596\" tabindex=\"0\" hidden=\"hidden\"><\/div>\n\t\t\t\t\t\t\t<\/div>\n\t\t<\/div>\n\t\t\t\t<\/div>\n\t\t\t\t<\/div>\n\t\t\t\t\t<\/div>\n\t\t<\/div>\n\t\t\t\t\t\t\t<\/div>\n\t\t<\/section>\n\t\t\t\t<section class=\"elementor-section elementor-inner-section elementor-element elementor-element-fc8654d elementor-section-boxed elementor-section-height-default elementor-section-height-default\" data-id=\"fc8654d\" data-element_type=\"section\">\n\t\t\t\t\t\t<div class=\"elementor-container elementor-column-gap-default\">\n\t\t\t\t\t<div class=\"elementor-column elementor-col-100 elementor-inner-column elementor-element elementor-element-c51ebea\" data-id=\"c51ebea\" data-element_type=\"column\">\n\t\t\t<div class=\"elementor-widget-wrap\">\n\t\t\t\t\t\t\t\t\t<\/div>\n\t\t<\/div>\n\t\t\t\t\t\t\t<\/div>\n\t\t<\/section>\n\t\t\t\t\t<\/div>\n\t\t<\/div>\n\t\t\t\t\t\t\t<\/div>\n\t\t<\/section>\n\t\t\t\t\t\t\t<\/div>","protected":false},"excerpt":{"rendered":"<ul>\n<li>Centrala termic\u0103 de pardoseal\u0103 de \u00eenalt\u0103 performan\u021b\u0103 \u0219i \u00eenc\u0103lzitor de ap\u0103<\/li>\n<li>TEHNOLOGIE TANK-IN-TANK<\/li>\n<\/ul>\n<p><img loading=\"lazy\" decoding=\"async\" class=\"alignnone size-medium wp-image-1283\" src=\"https:\/\/acv-romania.ro\/wp-content\/uploads\/2023\/04\/11-300x68.png\" alt=\"\" width=\"300\" height=\"68\" srcset=\"https:\/\/acv-romania.ro\/wp-content\/uploads\/2023\/04\/11-300x68.png 300w, https:\/\/acv-romania.ro\/wp-content\/uploads\/2023\/04\/11-260x59.png 260w, https:\/\/acv-romania.ro\/wp-content\/uploads\/2023\/04\/11-50x11.png 50w, https:\/\/acv-romania.ro\/wp-content\/uploads\/2023\/04\/11-150x34.png 150w, https:\/\/acv-romania.ro\/wp-content\/uploads\/2023\/04\/11.png 454w\" sizes=\"auto, (max-width: 300px) 100vw, 300px\" \/><\/p>\n<p><img loading=\"lazy\" decoding=\"async\" class=\"alignnone size-full wp-image-1176\" src=\"https:\/\/acv-romania.ro\/wp-content\/uploads\/2023\/04\/INOX.png\" alt=\"\" width=\"295\" height=\"110\" srcset=\"https:\/\/acv-romania.ro\/wp-content\/uploads\/2023\/04\/INOX.png 295w, https:\/\/acv-romania.ro\/wp-content\/uploads\/2023\/04\/INOX-260x97.png 260w, https:\/\/acv-romania.ro\/wp-content\/uploads\/2023\/04\/INOX-50x19.png 50w, https:\/\/acv-romania.ro\/wp-content\/uploads\/2023\/04\/INOX-150x56.png 150w\" sizes=\"auto, (max-width: 295px) 100vw, 295px\" \/><\/p>","protected":false},"featured_media":1424,"comment_status":"open","ping_status":"closed","template":"","meta":[],"product_cat":[122],"product_tag":[],"class_list":["post-1423","product","type-product","status-publish","has-post-thumbnail","hentry","product_cat-centrale-termice-de-pardoseala-pe-gaz"],"yoast_head":"<!-- This site is optimized with the Yoast SEO plugin v20.7 - https:\/\/yoast.com\/wordpress\/plugins\/seo\/ -->\n<title>HeatMaster 200 F - ACV Romania<\/title>\n<meta name=\"robots\" content=\"index, follow, max-snippet:-1, max-image-preview:large, max-video-preview:-1\" \/>\n<link rel=\"canonical\" href=\"https:\/\/acv-romania.ro\/en\/product\/heatmaster-200-f\/\" \/>\n<meta property=\"og:locale\" content=\"en_US\" \/>\n<meta property=\"og:type\" content=\"article\" \/>\n<meta property=\"og:title\" content=\"HeatMaster 200 F - ACV Romania\" \/>\n<meta property=\"og:description\" content=\"Centrala termic\u0103 de pardoseal\u0103 de \u00eenalt\u0103 performan\u021b\u0103 \u0219i \u00eenc\u0103lzitor de ap\u0103  TEHNOLOGIE TANK-IN-TANK\" \/>\n<meta property=\"og:url\" content=\"https:\/\/acv-romania.ro\/en\/product\/heatmaster-200-f\/\" \/>\n<meta property=\"og:site_name\" content=\"ACV Romania\" \/>\n<meta property=\"article:modified_time\" content=\"2025-04-12T09:13:27+00:00\" \/>\n<meta property=\"og:image\" content=\"https:\/\/acv-romania.ro\/wp-content\/uploads\/2023\/04\/HeatMaster-200-F-1.png\" \/>\n\t<meta property=\"og:image:width\" content=\"552\" \/>\n\t<meta property=\"og:image:height\" content=\"704\" \/>\n\t<meta property=\"og:image:type\" content=\"image\/png\" \/>\n<meta name=\"twitter:card\" content=\"summary_large_image\" \/>\n<meta name=\"twitter:label1\" content=\"Est. reading time\" \/>\n\t<meta name=\"twitter:data1\" content=\"3 minutes\" \/>\n<script type=\"application\/ld+json\" class=\"yoast-schema-graph\">{\"@context\":\"https:\/\/schema.org\",\"@graph\":[{\"@type\":\"WebPage\",\"@id\":\"https:\/\/acv-romania.ro\/product\/heatmaster-200-f\/\",\"url\":\"https:\/\/acv-romania.ro\/product\/heatmaster-200-f\/\",\"name\":\"HeatMaster 200 F - ACV Romania\",\"isPartOf\":{\"@id\":\"https:\/\/acv-romania.ro\/#website\"},\"datePublished\":\"2023-04-27T19:14:40+00:00\",\"dateModified\":\"2025-04-12T09:13:27+00:00\",\"breadcrumb\":{\"@id\":\"https:\/\/acv-romania.ro\/product\/heatmaster-200-f\/#breadcrumb\"},\"inLanguage\":\"en-US\",\"potentialAction\":[{\"@type\":\"ReadAction\",\"target\":[\"https:\/\/acv-romania.ro\/product\/heatmaster-200-f\/\"]}]},{\"@type\":\"BreadcrumbList\",\"@id\":\"https:\/\/acv-romania.ro\/product\/heatmaster-200-f\/#breadcrumb\",\"itemListElement\":[{\"@type\":\"ListItem\",\"position\":1,\"name\":\"Home\",\"item\":\"https:\/\/acv-romania.ro\/\"},{\"@type\":\"ListItem\",\"position\":2,\"name\":\"Shop\",\"item\":\"https:\/\/acv-romania.ro\/shop\/\"},{\"@type\":\"ListItem\",\"position\":3,\"name\":\"HeatMaster 200 F\"}]},{\"@type\":\"WebSite\",\"@id\":\"https:\/\/acv-romania.ro\/#website\",\"url\":\"https:\/\/acv-romania.ro\/\",\"name\":\"ACV Romania\",\"description\":\"Solu\u021bii de inginerie pentru ap\u0103 cald\u0103\",\"potentialAction\":[{\"@type\":\"SearchAction\",\"target\":{\"@type\":\"EntryPoint\",\"urlTemplate\":\"https:\/\/acv-romania.ro\/?s={search_term_string}\"},\"query-input\":\"required name=search_term_string\"}],\"inLanguage\":\"en-US\"}]}<\/script>\n<!-- \/ Yoast SEO plugin. -->","yoast_head_json":{"title":"HeatMaster 200 F - ACV Romania","robots":{"index":"index","follow":"follow","max-snippet":"max-snippet:-1","max-image-preview":"max-image-preview:large","max-video-preview":"max-video-preview:-1"},"canonical":"https:\/\/acv-romania.ro\/en\/product\/heatmaster-200-f\/","og_locale":"en_US","og_type":"article","og_title":"HeatMaster 200 F - ACV Romania","og_description":"Centrala termic\u0103 de pardoseal\u0103 de \u00eenalt\u0103 performan\u021b\u0103 \u0219i \u00eenc\u0103lzitor de ap\u0103  TEHNOLOGIE TANK-IN-TANK","og_url":"https:\/\/acv-romania.ro\/en\/product\/heatmaster-200-f\/","og_site_name":"ACV Romania","article_modified_time":"2025-04-12T09:13:27+00:00","og_image":[{"width":552,"height":704,"url":"https:\/\/acv-romania.ro\/wp-content\/uploads\/2023\/04\/HeatMaster-200-F-1.png","type":"image\/png"}],"twitter_card":"summary_large_image","twitter_misc":{"Est. reading time":"3 minutes"},"schema":{"@context":"https:\/\/schema.org","@graph":[{"@type":"WebPage","@id":"https:\/\/acv-romania.ro\/product\/heatmaster-200-f\/","url":"https:\/\/acv-romania.ro\/product\/heatmaster-200-f\/","name":"HeatMaster 200 F - ACV Romania","isPartOf":{"@id":"https:\/\/acv-romania.ro\/#website"},"datePublished":"2023-04-27T19:14:40+00:00","dateModified":"2025-04-12T09:13:27+00:00","breadcrumb":{"@id":"https:\/\/acv-romania.ro\/product\/heatmaster-200-f\/#breadcrumb"},"inLanguage":"en-US","potentialAction":[{"@type":"ReadAction","target":["https:\/\/acv-romania.ro\/product\/heatmaster-200-f\/"]}]},{"@type":"BreadcrumbList","@id":"https:\/\/acv-romania.ro\/product\/heatmaster-200-f\/#breadcrumb","itemListElement":[{"@type":"ListItem","position":1,"name":"Home","item":"https:\/\/acv-romania.ro\/"},{"@type":"ListItem","position":2,"name":"Shop","item":"https:\/\/acv-romania.ro\/shop\/"},{"@type":"ListItem","position":3,"name":"HeatMaster 200 F"}]},{"@type":"WebSite","@id":"https:\/\/acv-romania.ro\/#website","url":"https:\/\/acv-romania.ro\/","name":"ACV Romania","description":"Solu\u021bii de inginerie pentru ap\u0103 cald\u0103","potentialAction":[{"@type":"SearchAction","target":{"@type":"EntryPoint","urlTemplate":"https:\/\/acv-romania.ro\/?s={search_term_string}"},"query-input":"required name=search_term_string"}],"inLanguage":"en-US"}]}},"_links":{"self":[{"href":"https:\/\/acv-romania.ro\/en\/wp-json\/wp\/v2\/product\/1423","targetHints":{"allow":["GET"]}}],"collection":[{"href":"https:\/\/acv-romania.ro\/en\/wp-json\/wp\/v2\/product"}],"about":[{"href":"https:\/\/acv-romania.ro\/en\/wp-json\/wp\/v2\/types\/product"}],"replies":[{"embeddable":true,"href":"https:\/\/acv-romania.ro\/en\/wp-json\/wp\/v2\/comments?post=1423"}],"version-history":[{"count":10,"href":"https:\/\/acv-romania.ro\/en\/wp-json\/wp\/v2\/product\/1423\/revisions"}],"predecessor-version":[{"id":1436,"href":"https:\/\/acv-romania.ro\/en\/wp-json\/wp\/v2\/product\/1423\/revisions\/1436"}],"wp:featuredmedia":[{"embeddable":true,"href":"https:\/\/acv-romania.ro\/en\/wp-json\/wp\/v2\/media\/1424"}],"wp:attachment":[{"href":"https:\/\/acv-romania.ro\/en\/wp-json\/wp\/v2\/media?parent=1423"}],"wp:term":[{"taxonomy":"product_cat","embeddable":true,"href":"https:\/\/acv-romania.ro\/en\/wp-json\/wp\/v2\/product_cat?post=1423"},{"taxonomy":"product_tag","embeddable":true,"href":"https:\/\/acv-romania.ro\/en\/wp-json\/wp\/v2\/product_tag?post=1423"}],"curies":[{"name":"wp","href":"https:\/\/api.w.org\/{rel}","templated":true}]}}